{"id":10,"date":"2025-06-19T15:59:43","date_gmt":"2025-06-19T13:59:43","guid":{"rendered":"https:\/\/lumind.pl\/index.php\/koszyk\/"},"modified":"2025-09-09T17:56:43","modified_gmt":"2025-09-09T15:56:43","slug":"koszyk","status":"publish","type":"page","link":"https:\/\/lumind.pl\/index.php\/koszyk\/","title":{"rendered":"Koszyk"},"content":{"rendered":"\n<div data-block-name=\"woocommerce\/cart\" class=\"wp-block-woocommerce-cart alignwide is-loading\">\n<div data-block-name=\"woocommerce\/filled-cart-block\" class=\"wp-block-woocommerce-filled-cart-block\">\n<div data-block-name=\"woocommerce\/cart-items-block\" class=\"wp-block-woocommerce-cart-items-block\">\n<div data-block-name=\"woocommerce\/cart-line-items-block\" class=\"wp-block-woocommerce-cart-line-items-block\"><\/div>\n\n\n\n<div data-block-name=\"woocommerce\/cart-cross-sells-block\" class=\"wp-block-woocommerce-cart-cross-sells-block\">\n<h2 class=\"wp-block-heading has-large-font-size\">Zobacz inne r\u00f3wnie interesuj\u0105ce\u2026<\/h2>\n\n\n\n<div data-block-name=\"woocommerce\/cart-cross-sells-products-block\" class=\"wp-block-woocommerce-cart-cross-sells-products-block\"><\/div>\n<\/div>\n<\/div>\n\n\n\n<div data-block-name=\"woocommerce\/cart-totals-block\" class=\"wp-block-woocommerce-cart-totals-block\">\n<div data-block-name=\"woocommerce\/cart-order-summary-block\" class=\"wp-block-woocommerce-cart-order-summary-block\">\n<div data-block-name=\"woocommerce\/cart-order-summary-heading-block\" data-content=\"Podsumowanie koszyka\" class=\"wp-block-woocommerce-cart-order-summary-heading-block\"><\/div>\n\n\n\n<div data-block-name=\"woocommerce\/cart-order-summary-coupon-form-block\" class=\"wp-block-woocommerce-cart-order-summary-coupon-form-block\"><\/div>\n\n\n\n<div data-block-name=\"woocommerce\/cart-order-summary-totals-block\" class=\"wp-block-woocommerce-cart-order-summary-totals-block\">\n<div data-block-name=\"woocommerce\/cart-order-summary-subtotal-block\" class=\"wp-block-woocommerce-cart-order-summary-subtotal-block\"><\/div>\n\n\n\n<div data-block-name=\"woocommerce\/cart-order-summary-fee-block\" class=\"wp-block-woocommerce-cart-order-summary-fee-block\"><\/div>\n\n\n\n<div data-block-name=\"woocommerce\/cart-order-summary-discount-block\" class=\"wp-block-woocommerce-cart-order-summary-discount-block\"><\/div>\n\n\n\n<div data-block-name=\"woocommerce\/cart-order-summary-shipping-block\" class=\"wp-block-woocommerce-cart-order-summary-shipping-block\"><\/div>\n\n\n\n<div data-block-name=\"woocommerce\/cart-order-summary-taxes-block\" class=\"wp-block-woocommerce-cart-order-summary-taxes-block\"><\/div>\n<\/div>\n<\/div>\n\n\n\n<div data-block-name=\"woocommerce\/cart-express-payment-block\" data-button-border-radius=\"4\" data-button-height=\"48\" data-show-button-styles=\"true\" class=\"wp-block-woocommerce-cart-express-payment-block\"><\/div>\n\n\n\n<div data-block-name=\"woocommerce\/proceed-to-checkout-block\" class=\"wp-block-woocommerce-proceed-to-checkout-block\"><\/div>\n\n\n\n<div data-block-name=\"woocommerce\/cart-accepted-payment-methods-block\" class=\"wp-block-woocommerce-cart-accepted-payment-methods-block\"><\/div>\n<\/div>\n<\/div>\n\n\n\n<div data-block-name=\"woocommerce\/empty-cart-block\" class=\"wp-block-woocommerce-empty-cart-block\">\n<h2 class=\"wp-block-heading has-text-align-center with-empty-cart-icon wc-block-cart__empty-cart__title\">Tw\u00f3j koszyk jest obecnie pusty!<\/h2>\n\n\n\n<hr class=\"wp-block-separator has-alpha-channel-opacity is-style-dots\"\/>\n\n\n\n<h2 class=\"wp-block-heading has-text-align-center\">Nowe w sklepie<\/h2>\n\n\n<div data-block-name=\"woocommerce\/product-new\" data-columns=\"4\" data-rows=\"1\" class=\"wc-block-grid wp-block-product-new wp-block-woocommerce-product-new wc-block-product-new has-4-columns\"><ul class=\"wc-block-grid__products\"><li class=\"wc-block-grid__product\">\n\t\t\t\t<a href=\"https:\/\/lumind.pl\/index.php\/produkt\/pytania-ktore-maja-znaczenie-karty-do-refleksji-120-kart-pdf-do-druku\/\" class=\"wc-block-grid__product-link\">\n\t\t\t\t\t\n\t\t\t\t\t<div class=\"wc-block-grid__product-image\"><img loading=\"lazy\" decoding=\"async\" width=\"300\" height=\"300\" src=\"https:\/\/i0.wp.com\/lumind.pl\/wp-content\/uploads\/2025\/09\/1-1.png?resize=300%2C300&amp;ssl=1\" class=\"attachment-woocommerce_thumbnail size-woocommerce_thumbnail\" alt=\"Pytania, kt\u00f3re maj\u0105 znaczenie \u2013 Karty do Autorefleksji i g\u0142\u0119bokich rozm\u00f3w | 120 kart | PDF do druku kolorowy i czarno-bia\u0142y\" srcset=\"https:\/\/i0.wp.com\/lumind.pl\/wp-content\/uploads\/2025\/09\/1-1.png?w=1024&amp;ssl=1 1024w, https:\/\/i0.wp.com\/lumind.pl\/wp-content\/uploads\/2025\/09\/1-1.png?resize=300%2C300&amp;ssl=1 300w, https:\/\/i0.wp.com\/lumind.pl\/wp-content\/uploads\/2025\/09\/1-1.png?resize=150%2C150&amp;ssl=1 150w, https:\/\/i0.wp.com\/lumind.pl\/wp-content\/uploads\/2025\/09\/1-1.png?resize=768%2C768&amp;ssl=1 768w, https:\/\/i0.wp.com\/lumind.pl\/wp-content\/uploads\/2025\/09\/1-1.png?resize=600%2C600&amp;ssl=1 600w, https:\/\/i0.wp.com\/lumind.pl\/wp-content\/uploads\/2025\/09\/1-1.png?resize=100%2C100&amp;ssl=1 100w\" sizes=\"auto, (max-width: 300px) 100vw, 300px\" \/><\/div>\n\t\t\t\t\t<div class=\"wc-block-grid__product-title\">Pytania, kt\u00f3re maj\u0105 znaczenie \u2013 Karty do Autorefleksji i g\u0142\u0119bokich rozm\u00f3w | 120 kart | PDF do druku kolorowy i czarno-bia\u0142y<\/div>\n\t\t\t\t<\/a>\n\t\t\t\t<div class=\"wc-block-grid__product-price price\"><span class=\"woocommerce-Price-amount amount\">9,99&nbsp;<span class=\"woocommerce-Price-currencySymbol\">&#122;&#322;<\/span><\/span><\/div>\n\t\t\t\t\n\t\t\t\t<div class=\"wp-block-button wc-block-grid__product-add-to-cart\"><a href=\"\/index.php\/wp-json\/wp\/v2\/pages\/10?add-to-cart=375\" aria-label=\"Dodaj do koszyka: &bdquo;Pytania, kt\u00f3re maj\u0105 znaczenie \u2013 Karty do Autorefleksji i g\u0142\u0119bokich rozm\u00f3w | 120 kart | PDF do druku kolorowy i czarno-bia\u0142y&rdquo;\" data-quantity=\"1\" data-product_id=\"375\" data-product_sku=\"\" data-price=\"9.99\" rel=\"nofollow\" class=\"wp-block-button__link wp-element-button add_to_cart_button ajax_add_to_cart\">Dodaj do koszyka<\/a><\/div>\n\t\t\t<\/li><li class=\"wc-block-grid__product\">\n\t\t\t\t<a href=\"https:\/\/lumind.pl\/index.php\/produkt\/workbook-do-radzenia-sobie-z-lekiem-praktyczne-cwiczenia-i-techniki-samopomocy-40-stron-pdf-do-druku-dodatki-tapety\/\" class=\"wc-block-grid__product-link\">\n\t\t\t\t\t\n\t\t\t\t\t<div class=\"wc-block-grid__product-image\"><img loading=\"lazy\" decoding=\"async\" width=\"300\" height=\"300\" src=\"https:\/\/i0.wp.com\/lumind.pl\/wp-content\/uploads\/2025\/09\/1.png?resize=300%2C300&amp;ssl=1\" class=\"attachment-woocommerce_thumbnail size-woocommerce_thumbnail\" alt=\"Workbook do radzenia sobie z l\u0119kiem. Praktyczne \u0107wiczenia i techniki samopomocy | 40+ stron PDF do druku + dodatki (tapety)\" srcset=\"https:\/\/i0.wp.com\/lumind.pl\/wp-content\/uploads\/2025\/09\/1.png?w=1024&amp;ssl=1 1024w, https:\/\/i0.wp.com\/lumind.pl\/wp-content\/uploads\/2025\/09\/1.png?resize=300%2C300&amp;ssl=1 300w, https:\/\/i0.wp.com\/lumind.pl\/wp-content\/uploads\/2025\/09\/1.png?resize=150%2C150&amp;ssl=1 150w, https:\/\/i0.wp.com\/lumind.pl\/wp-content\/uploads\/2025\/09\/1.png?resize=768%2C768&amp;ssl=1 768w, https:\/\/i0.wp.com\/lumind.pl\/wp-content\/uploads\/2025\/09\/1.png?resize=600%2C600&amp;ssl=1 600w, https:\/\/i0.wp.com\/lumind.pl\/wp-content\/uploads\/2025\/09\/1.png?resize=100%2C100&amp;ssl=1 100w\" sizes=\"auto, (max-width: 300px) 100vw, 300px\" \/><\/div>\n\t\t\t\t\t<div class=\"wc-block-grid__product-title\">Workbook do radzenia sobie z l\u0119kiem. Praktyczne \u0107wiczenia i techniki samopomocy | 40+ stron PDF do druku + dodatki (tapety)<\/div>\n\t\t\t\t<\/a>\n\t\t\t\t<div class=\"wc-block-grid__product-price price\"><span class=\"woocommerce-Price-amount amount\">29,99&nbsp;<span class=\"woocommerce-Price-currencySymbol\">&#122;&#322;<\/span><\/span><\/div>\n\t\t\t\t\n\t\t\t\t<div class=\"wp-block-button wc-block-grid__product-add-to-cart\"><a href=\"\/index.php\/wp-json\/wp\/v2\/pages\/10?add-to-cart=362\" aria-label=\"Dodaj do koszyka: &bdquo;Workbook do radzenia sobie z l\u0119kiem. Praktyczne \u0107wiczenia i techniki samopomocy | 40+ stron PDF do druku + dodatki (tapety)&rdquo;\" data-quantity=\"1\" data-product_id=\"362\" data-product_sku=\"\" data-price=\"29.99\" rel=\"nofollow\" class=\"wp-block-button__link wp-element-button add_to_cart_button ajax_add_to_cart\">Dodaj do koszyka<\/a><\/div>\n\t\t\t<\/li><\/ul><\/div><\/div>\n<\/div>\n","protected":false},"excerpt":{"rendered":"","protected":false},"author":1,"featured_media":0,"parent":0,"menu_order":0,"comment_status":"closed","ping_status":"closed","template":"","meta":{"advanced_seo_description":"","jetpack_seo_html_title":"","jetpack_seo_noindex":false,"footnotes":""},"class_list":["post-10","page","type-page","status-publish","hentry"],"jetpack_sharing_enabled":true,"_links":{"self":[{"href":"https:\/\/lumind.pl\/index.php\/wp-json\/wp\/v2\/pages\/10","targetHints":{"allow":["GET"]}}],"collection":[{"href":"https:\/\/lumind.pl\/index.php\/wp-json\/wp\/v2\/pages"}],"about":[{"href":"https:\/\/lumind.pl\/index.php\/wp-json\/wp\/v2\/types\/page"}],"author":[{"embeddable":true,"href":"https:\/\/lumind.pl\/index.php\/wp-json\/wp\/v2\/users\/1"}],"replies":[{"embeddable":true,"href":"https:\/\/lumind.pl\/index.php\/wp-json\/wp\/v2\/comments?post=10"}],"version-history":[{"count":3,"href":"https:\/\/lumind.pl\/index.php\/wp-json\/wp\/v2\/pages\/10\/revisions"}],"predecessor-version":[{"id":576,"href":"https:\/\/lumind.pl\/index.php\/wp-json\/wp\/v2\/pages\/10\/revisions\/576"}],"wp:attachment":[{"href":"https:\/\/lumind.pl\/index.php\/wp-json\/wp\/v2\/media?parent=10"}],"curies":[{"name":"wp","href":"https:\/\/api.w.org\/{rel}","templated":true}]}}